{"id":7481,"date":"2025-02-28T18:33:08","date_gmt":"2025-02-28T18:33:08","guid":{"rendered":"https:\/\/www.hellomyyoga.com\/blog\/?page_id=7481"},"modified":"2025-02-28T18:33:09","modified_gmt":"2025-02-28T18:33:09","slug":"samvad","status":"publish","type":"page","link":"https:\/\/www.hellomyyoga.com\/blog\/bhagavad-gita\/samvad\/","title":{"rendered":"The Bhagavad Gita Samvad by Yoga Gurus"},"content":{"rendered":"\n<p><strong><a href=\"https:\/\/www.hellomyyoga.com\/\" target=\"_blank\" rel=\"noreferrer noopener\">hellomyyoga<\/a><\/strong> hosts the <strong>Bhagavad Gita Samvad<\/strong> every year with three yoga scholars from three different generations: Dr. N Ganesh Rao, Prasad Rangnekar, and Harshvardhan Jhaveri. As an exciting addition to this enlightening event, we have created a blog where you can gain a profound glimpse into the wisdom and insights shared by these remarkable teachers.\u00a0<\/p>\n\n\n\n<p>Join us for an enchanting discussion as we dive into the everlasting wisdom of the <a href=\"https:\/\/www.hellomyyoga.com\/blog\/bhagavad-gita\/\" target=\"_blank\" rel=\"noreferrer noopener\">Bhagavad Gita<\/a> at this year&#8217;s Samvad &#8220;<strong>The Bhagavad Gita: Timeless Wisdom.<\/strong>&#8221; <\/p>\n\n\n<div class=\"wp-block-image\">\n<figure class=\"aligncenter size-full\"><a href=\"https:\/\/bit.ly\/hmy-yoga-courses\" target=\"_blank\" rel=\"noreferrer noopener\"><img loading=\"lazy\" decoding=\"async\" width=\"1000\" height=\"250\" src=\"https:\/\/www.hellomyyoga.com\/blog\/wp-content\/uploads\/2024\/02\/yoga-courses.webp\" alt=\"yoga courses\" class=\"wp-image-5580\" srcset=\"https:\/\/www.hellomyyoga.com\/blog\/wp-content\/uploads\/2024\/02\/yoga-courses.webp 1000w, https:\/\/www.hellomyyoga.com\/blog\/wp-content\/uploads\/2024\/02\/yoga-courses-300x75.webp 300w, https:\/\/www.hellomyyoga.com\/blog\/wp-content\/uploads\/2024\/02\/yoga-courses-768x192.webp 768w, https:\/\/www.hellomyyoga.com\/blog\/wp-content\/uploads\/2024\/02\/yoga-courses-150x38.webp 150w, https:\/\/www.hellomyyoga.com\/blog\/wp-content\/uploads\/2024\/02\/yoga-courses-696x174.webp 696w\" sizes=\"auto, (max-width: 1000px) 100vw, 1000px\" \/><\/a><\/figure>\n<\/div>\n\n\n<h2 class=\"wp-block-heading\"><strong>Life &amp; Bhagavad Gita<\/strong><\/h2>\n\n\n\n<p>Life is a complex tapestry of emotions and characteristics, ranging from the depths of sadness to the heights of happiness. It is a delicate balance of success and failure, kindness and hard work, and so much more. In our quest to seek wisdom from the Bhagavad Gita, we have chosen a select number of attributes and assigned two to each teacher. Through their unique perspectives and personal experiences, this blog aims to discover what this ancient text teaches about these attributes and uncover how these teachers incorporate these lessons into their own lives and how can we apply them in modern times.<\/p>\n\n\n\n<p>Read on as we explore the depths of the <a href=\"https:\/\/www.hellomyyoga.com\/blog\/bhagavad-gita\/shlokas\/\" target=\"_blank\" rel=\"noreferrer noopener\">Bhagavad Gita&#8217;s shlokas and teachings<\/a> together!<\/p>\n\n\n\n<h2 class=\"wp-block-heading\"><strong>Dr. N Ganesh Rao<\/strong><\/h2>\n\n\n\n<h3 class=\"wp-block-heading\"><strong>Lifestyle considerations<\/strong><\/h3>\n\n\n\n<p><em>\u092f\u0941\u0915\u094d\u0924\u093e\u0939\u093e\u0930\u0935\u093f\u0939\u093e\u0930\u0938\u094d\u092f \u092f\u0941\u0915\u094d\u0924\u091a\u0947\u0937\u094d\u091f\u0938\u094d\u092f \u0915\u0930\u094d\u092e\u0938\u0941 |<\/em><\/p>\n\n\n\n<p><em>\u092f\u0941\u0915\u094d\u0924\u0938\u094d\u0935\u092a\u094d\u0928\u093e\u0935\u092c\u094b\u0927\u0938\u094d\u092f \u092f\u094b\u0917\u094b \u092d\u0935\u0924\u093f \u0926\u0941:\u0916\u0939\u093e || 17||<\/em><\/p>\n\n\n\n<p><em>yukt\u0101h\u0101ra-vih\u0101rasya yukta-che\u1e63h\u1e6dasya karmasu<\/em><\/p>\n\n\n\n<p><em>yukta-svapn\u0101vabodhasya yogo bhavati du\u1e25kha-h\u0101<\/em><\/p>\n\n\n\n<h4 class=\"wp-block-heading\"><strong>Translation<\/strong><\/h4>\n\n\n\n<p>But those who are temperate in eating and recreation, balanced in work, and regulated in sleep, can mitigate all sorrows by practicing Yog.<\/p>\n\n\n\n<h4 class=\"wp-block-heading\"><strong>Concentration<\/strong><\/h4>\n\n\n\n<p><em>\u092f\u094b\u0917\u0940 \u092f\u0941\u091e\u094d\u091c\u0940\u0924 \u0938\u0924\u0924\u092e\u093e\u0924\u094d\u092e\u093e\u0928\u0902 \u0930\u0939\u0938\u093f \u0938\u094d\u0925\u093f\u0924: |<\/em><\/p>\n\n\n\n<p><em>\u090f\u0915\u093e\u0915\u0940 \u092f\u0924\u091a\u093f\u0924\u094d\u0924\u093e\u0924\u094d\u092e\u093e \u0928\u093f\u0930\u093e\u0936\u0940\u0930\u092a\u0930\u093f\u0917\u094d\u0930\u0939: || 10||<\/em><\/p>\n\n\n\n<p><em>yog\u012b yu\u00f1j\u012bta satatam \u0101tm\u0101na\u1e41 rahasi sthita\u1e25<\/em><\/p>\n\n\n\n<p><em>ek\u0101k\u012b yata-chitt\u0101tm\u0101 nir\u0101\u015bh\u012br aparigraha\u1e25<\/em><\/p>\n\n\n\n<h4 class=\"wp-block-heading\"><strong>Translation<\/strong><\/h4>\n\n\n\n<p>BG 6.10: Those who seek the state of Yog should reside in seclusion, constantly engaged in meditation with a controlled mind and body, getting rid of desires and possessions for enjoyment.<\/p>\n\n\n\n<p>(Translation source: https:\/\/bhagavad-gita.org)\u00a0<\/p>\n\n\n\n<h2 class=\"wp-block-heading\"><strong>Prasad Rangnekar\u2019s Commentary<\/strong><\/h2>\n\n\n\n<h3 class=\"wp-block-heading\"><strong>Kindness<\/strong><\/h3>\n\n\n\n<p>In the Bhagavad Gita, Shri Krishna mentions two kinds of traits that lead us in opposite directions, Daivi &amp; Asuri Sampad. He asks us to cultivate the Daivi Sampad, the divine traits, that lead to liberation. One of the divine (liberating) traits is Daya, kindness (Bhagavad Gita 16:2).&nbsp;<\/p>\n\n\n\n<p><em>ahims\u0101 satyamakrodhasty\u0101ga\u1e25 \u015b\u0101ntirapaisunam&nbsp;<\/em><\/p>\n\n\n\n<p><em>daya bh\u016bte\u1e63valoluptvam m\u0101rdavam hr\u012brac\u0101palam<\/em><\/p>\n\n\n\n<p>Adi Shankaracharya in his commentary on the Gita states that Daya, kindness, is being empathetic towards other\u2019s suffering. With so many of us suffering due to physical and mental issues these days, kindness is a virtue we all need to consciously develop, is what I think.<\/p>\n\n\n\n<h3 class=\"wp-block-heading\"><strong>Life-long Learning<\/strong><\/h3>\n\n\n\n<p>Bhagavad Gita is a yogic text that starts off with Arjuna\u2019s confusion and ends with Arjuna\u2019s clarity. This arc of mental transformation is what spiritual seeker goes through when they apply the teachings of the Bhagavad Gita. The teachings of the Bhagavad Gita help us navigate life with faith, resilience, and clarity, and emerge victorious in our inner battles. This journey of fighting our own inner demons is a life-long project, and this is why steady faith (Shraddha) is crucial. As Shri Krishna says, only the one with faith derives knowledge (Bhagavad Gita 4:39)<\/p>\n\n\n\n<p><em>\u015bhraddh\u0101v\u0101nllabhate j\u00f1\u0101na\u1e41 tat-para\u1e25 sanyatendriya\u1e25<\/em><\/p>\n\n\n\n<p><em>j\u00f1\u0101na\u1e41 labdhv\u0101 par\u0101\u1e41 \u015bh\u0101ntim achire\u1e47\u0101dhigachchhati<\/em><\/p>\n\n\n\n<h2 class=\"wp-block-heading\"><strong>Harshvardhan Jhaveri\u2019s Commentary<\/strong><\/h2>\n\n\n\n<h3 class=\"wp-block-heading\"><strong>Hard work and Success<\/strong><\/h3>\n\n\n\n<p>BG 17.14&nbsp;<\/p>\n\n\n\n<p><em>deva-dwija-guru-pr\u0101j\u00f1a- p\u016bjana\u1e41 \u015bhaucham \u0101rjavam<\/em><\/p>\n\n\n\n<p><em>brahmacharyam ahins\u0101 cha \u015bh\u0101r\u012bra\u1e41 tapa uchyate<\/em><\/p>\n\n\n\n<p>To achieve success in life, it is certain that one must put in the hard work. Be it spiritual pursuits or the realization of any project or work, one must put in the appropriate efforts and take the necessary steps towards it. This is termed tapas in yogic parlance. In the BG, \u015ar\u012b K\u1e5b\u1e63\u1e47a describes tapas on the level of the body, speech, and mind which can be s\u0101ttvika, r\u0101jasika or t\u0101masika. <\/p>\n\n\n\n<p>Amongst them, the s\u0101ttvika kind is best suited for progress while the r\u0101jasika occasionally brings results but is uncertain and the t\u0101masika type is destructive in nature. Hard work is considered s\u0101ttvika in nature when it is performed with \u015braddh\u0101 and is ni\u015bk\u0101ma in nature i.e. it is free from the desire for rewards of the action. As Swami Chinmayananda says &#8211; \u201cDo your best and leave the rest\u201d. Applying oneself completely to the goal and then surrendering to the result (pra\u1e47idh\u0101na) is the best way as in this way whether one succeeds or not, one remains equanimous in the outcome that plays out.\u00a0<\/p>\n\n\n\n<h3 class=\"wp-block-heading\"><strong>Good listener<\/strong><\/h3>\n\n\n\n<p>BG 17.19<\/p>\n\n\n\n<p><em>m\u016b\u1e0dha-gr\u0101he\u1e47\u0101tmano yat p\u012b\u1e0day\u0101 kriyate tapa\u1e25<\/em><\/p>\n\n\n\n<p><em>parasyots\u0101dan\u0101rtha\u1e41 v\u0101 tat t\u0101masam ud\u0101h\u1e5bitam<\/em><\/p>\n\n\n\n<p>The manner of dialogue itself throughout the G\u012bt\u0101 between \u015ar\u012b K\u1e5b\u1e63\u1e47a and Arjuna speaks greatly on how to be a good listener. \u015ar\u012b K\u1e5b\u1e63\u1e47a and Arjuna both are exemplary examples of it. Whenever Arjuna is perplexed or raises a doubt or question, Bhagav\u0101n is patiently listening. Sometimes the question is short, sometimes longer in nature. And when He responds, which sometimes is very lengthy and continues for several verses, Arjuna is also patiently listening to His reply to understand and integrate the teaching into his being. One of the essential teachings of the G\u012bt\u0101 is to be a good listener &#8211; and if we can listen to their dialogue with complete awareness, we too can learn the value of listening. \u015aravana i.e. listening with awareness is the first of the three steps to assimilate the teachings of Ved\u0101nta (the other two being Manana &#8211; reflection and Nidhidhy\u0101sana &#8211; contemplation) and it is well known that \u015bravana itself has the potential to deliver the highest teaching and realization as well.<\/p>\n\n\n<div class=\"wp-block-image\">\n<figure class=\"aligncenter size-full\"><a href=\"https:\/\/bit.ly\/hmy-health-wellness-courses\" target=\"_blank\" rel=\"noreferrer noopener\"><img loading=\"lazy\" decoding=\"async\" width=\"1000\" height=\"250\" src=\"https:\/\/www.hellomyyoga.com\/blog\/wp-content\/uploads\/2024\/02\/health-and-wellness-courses.webp\" alt=\"health and wellness courses\" class=\"wp-image-5582\" srcset=\"https:\/\/www.hellomyyoga.com\/blog\/wp-content\/uploads\/2024\/02\/health-and-wellness-courses.webp 1000w, https:\/\/www.hellomyyoga.com\/blog\/wp-content\/uploads\/2024\/02\/health-and-wellness-courses-300x75.webp 300w, https:\/\/www.hellomyyoga.com\/blog\/wp-content\/uploads\/2024\/02\/health-and-wellness-courses-768x192.webp 768w, https:\/\/www.hellomyyoga.com\/blog\/wp-content\/uploads\/2024\/02\/health-and-wellness-courses-150x38.webp 150w, https:\/\/www.hellomyyoga.com\/blog\/wp-content\/uploads\/2024\/02\/health-and-wellness-courses-696x174.webp 696w\" sizes=\"auto, (max-width: 1000px) 100vw, 1000px\" \/><\/a><\/figure>\n<\/div>\n\n\n<p><strong>Conclusion<\/strong><\/p>\n\n\n\n<p>It&#8217;s a beautiful blog, isn&#8217;t it? Imagine this: if reading this blog is already so captivating, just imagine how much more beautiful it will be to listen to all these remarkable yoga scholars LIVE! This blog only offers you a glimpse, so don&#8217;t miss out on the opportunity to join us for the live session. During this session, these incredible teachers will share two meticulously selected shlokas each, providing their unique perspectives and profound insights. Prepare to be captivated by their wisdom and join us for an unforgettable experience!<\/p>\n\n\n\n<p><strong>Read more blogs<\/strong>:<\/p>\n\n\n\n<ul class=\"wp-block-list\">\n<li><a href=\"https:\/\/www.hellomyyoga.com\/blog\/bhagavad-gita\/shlokas\/peaceful-life\/\" target=\"_blank\" rel=\"noreferrer noopener\">Bhagavad Gita Verses for Peaceful Life<\/a><\/li>\n\n\n\n<li><a href=\"https:\/\/www.hellomyyoga.com\/blog\/bhagavad-gita\/importance-modern-life\/\" target=\"_blank\" rel=\"noreferrer noopener\">Importance of Bhagavad Gita in Modern Life<\/a><\/li>\n\n\n\n<li><a href=\"https:\/\/www.hellomyyoga.com\/blog\/yoga\/\" target=\"_blank\" rel=\"noreferrer noopener\">What is Yoga?<\/a><\/li>\n<\/ul>\n\n\n\n<p><\/p>\n","protected":false},"excerpt":{"rendered":"<p>hellomyyoga hosts the Bhagavad Gita Samvad every year with three yoga scholars from three different generations: Dr. N Ganesh Rao, Prasad Rangnekar, and Harshvardhan Jhaveri. As an exciting addition to this enlightening event, we have created a blog where you can gain a profound glimpse into the wisdom and insights shared by these remarkable teachers.\u00a0 [&hellip;]<\/p>\n","protected":false},"author":1,"featured_media":5263,"parent":7413,"menu_order":0,"comment_status":"closed","ping_status":"closed","template":"","meta":{"footnotes":""},"class_list":["post-7481","page","type-page","status-publish","has-post-thumbnail"],"yoast_head":"<!-- This site is optimized with the Yoast SEO plugin v23.4 - https:\/\/yoast.com\/wordpress\/plugins\/seo\/ -->\n<title>The Bhagavad Gita Samvad by Yoga Gurus<\/title>\n<meta name=\"robots\" content=\"index, follow, max-snippet:-1, max-image-preview:large, max-video-preview:-1\" \/>\n<link rel=\"canonical\" href=\"https:\/\/www.hellomyyoga.com\/blog\/bhagavad-gita\/samvad\/\" \/>\n<meta property=\"og:locale\" content=\"en_US\" \/>\n<meta property=\"og:type\" content=\"article\" \/>\n<meta property=\"og:title\" content=\"The Bhagavad Gita Samvad by Yoga Gurus\" \/>\n<meta property=\"og:description\" content=\"hellomyyoga hosts the Bhagavad Gita Samvad every year with three yoga scholars from three different generations: Dr. N Ganesh Rao, Prasad Rangnekar, and Harshvardhan Jhaveri. As an exciting addition to this enlightening event, we have created a blog where you can gain a profound glimpse into the wisdom and insights shared by these remarkable teachers.\u00a0 [&hellip;]\" \/>\n<meta property=\"og:url\" content=\"https:\/\/www.hellomyyoga.com\/blog\/bhagavad-gita\/samvad\/\" \/>\n<meta property=\"og:site_name\" content=\"hellomyyoga\" \/>\n<meta property=\"article:modified_time\" content=\"2025-02-28T18:33:09+00:00\" \/>\n<meta property=\"og:image\" content=\"https:\/\/www.hellomyyoga.com\/blog\/wp-content\/uploads\/2023\/11\/image_2023_11_30T07_15_10_593Z.webp\" \/>\n\t<meta property=\"og:image:width\" content=\"750\" \/>\n\t<meta property=\"og:image:height\" content=\"390\" \/>\n\t<meta property=\"og:image:type\" content=\"image\/webp\" \/>\n<meta name=\"twitter:card\" content=\"summary_large_image\" \/>\n<meta name=\"twitter:label1\" content=\"Est. reading time\" \/>\n\t<meta name=\"twitter:data1\" content=\"5 minutes\" \/>\n<script type=\"application\/ld+json\" class=\"yoast-schema-graph\">{\"@context\":\"https:\/\/schema.org\",\"@graph\":[{\"@type\":\"WebPage\",\"@id\":\"https:\/\/www.hellomyyoga.com\/blog\/bhagavad-gita\/samvad\/\",\"url\":\"https:\/\/www.hellomyyoga.com\/blog\/bhagavad-gita\/samvad\/\",\"name\":\"The Bhagavad Gita Samvad by Yoga Gurus\",\"isPartOf\":{\"@id\":\"https:\/\/www.hellomyyoga.com\/blog\/#website\"},\"primaryImageOfPage\":{\"@id\":\"https:\/\/www.hellomyyoga.com\/blog\/bhagavad-gita\/samvad\/#primaryimage\"},\"image\":{\"@id\":\"https:\/\/www.hellomyyoga.com\/blog\/bhagavad-gita\/samvad\/#primaryimage\"},\"thumbnailUrl\":\"https:\/\/www.hellomyyoga.com\/blog\/wp-content\/uploads\/2023\/11\/image_2023_11_30T07_15_10_593Z.webp\",\"datePublished\":\"2025-02-28T18:33:08+00:00\",\"dateModified\":\"2025-02-28T18:33:09+00:00\",\"breadcrumb\":{\"@id\":\"https:\/\/www.hellomyyoga.com\/blog\/bhagavad-gita\/samvad\/#breadcrumb\"},\"inLanguage\":\"en-US\",\"potentialAction\":[{\"@type\":\"ReadAction\",\"target\":[\"https:\/\/www.hellomyyoga.com\/blog\/bhagavad-gita\/samvad\/\"]}]},{\"@type\":\"ImageObject\",\"inLanguage\":\"en-US\",\"@id\":\"https:\/\/www.hellomyyoga.com\/blog\/bhagavad-gita\/samvad\/#primaryimage\",\"url\":\"https:\/\/www.hellomyyoga.com\/blog\/wp-content\/uploads\/2023\/11\/image_2023_11_30T07_15_10_593Z.webp\",\"contentUrl\":\"https:\/\/www.hellomyyoga.com\/blog\/wp-content\/uploads\/2023\/11\/image_2023_11_30T07_15_10_593Z.webp\",\"width\":750,\"height\":390,\"caption\":\"Samvad \\\"The Bhagavad Gita\\\": Timeless Wisdom\"},{\"@type\":\"BreadcrumbList\",\"@id\":\"https:\/\/www.hellomyyoga.com\/blog\/bhagavad-gita\/samvad\/#breadcrumb\",\"itemListElement\":[{\"@type\":\"ListItem\",\"position\":1,\"name\":\"Bhagavad Gita\",\"item\":\"https:\/\/www.hellomyyoga.com\/blog\/bhagavad-gita\/\"},{\"@type\":\"ListItem\",\"position\":2,\"name\":\"The Bhagavad Gita Samvad by Yoga Gurus\"}]},{\"@type\":\"WebSite\",\"@id\":\"https:\/\/www.hellomyyoga.com\/blog\/#website\",\"url\":\"https:\/\/www.hellomyyoga.com\/blog\/\",\"name\":\"hellomyyoga\",\"description\":\"\",\"potentialAction\":[{\"@type\":\"SearchAction\",\"target\":{\"@type\":\"EntryPoint\",\"urlTemplate\":\"https:\/\/www.hellomyyoga.com\/blog\/?s={search_term_string}\"},\"query-input\":{\"@type\":\"PropertyValueSpecification\",\"valueRequired\":true,\"valueName\":\"search_term_string\"}}],\"inLanguage\":\"en-US\"}]}<\/script>\n<!-- \/ Yoast SEO plugin. -->","yoast_head_json":{"title":"The Bhagavad Gita Samvad by Yoga Gurus","robots":{"index":"index","follow":"follow","max-snippet":"max-snippet:-1","max-image-preview":"max-image-preview:large","max-video-preview":"max-video-preview:-1"},"canonical":"https:\/\/www.hellomyyoga.com\/blog\/bhagavad-gita\/samvad\/","og_locale":"en_US","og_type":"article","og_title":"The Bhagavad Gita Samvad by Yoga Gurus","og_description":"hellomyyoga hosts the Bhagavad Gita Samvad every year with three yoga scholars from three different generations: Dr. N Ganesh Rao, Prasad Rangnekar, and Harshvardhan Jhaveri. As an exciting addition to this enlightening event, we have created a blog where you can gain a profound glimpse into the wisdom and insights shared by these remarkable teachers.\u00a0 [&hellip;]","og_url":"https:\/\/www.hellomyyoga.com\/blog\/bhagavad-gita\/samvad\/","og_site_name":"hellomyyoga","article_modified_time":"2025-02-28T18:33:09+00:00","og_image":[{"width":750,"height":390,"url":"https:\/\/www.hellomyyoga.com\/blog\/wp-content\/uploads\/2023\/11\/image_2023_11_30T07_15_10_593Z.webp","type":"image\/webp"}],"twitter_card":"summary_large_image","twitter_misc":{"Est. reading time":"5 minutes"},"schema":{"@context":"https:\/\/schema.org","@graph":[{"@type":"WebPage","@id":"https:\/\/www.hellomyyoga.com\/blog\/bhagavad-gita\/samvad\/","url":"https:\/\/www.hellomyyoga.com\/blog\/bhagavad-gita\/samvad\/","name":"The Bhagavad Gita Samvad by Yoga Gurus","isPartOf":{"@id":"https:\/\/www.hellomyyoga.com\/blog\/#website"},"primaryImageOfPage":{"@id":"https:\/\/www.hellomyyoga.com\/blog\/bhagavad-gita\/samvad\/#primaryimage"},"image":{"@id":"https:\/\/www.hellomyyoga.com\/blog\/bhagavad-gita\/samvad\/#primaryimage"},"thumbnailUrl":"https:\/\/www.hellomyyoga.com\/blog\/wp-content\/uploads\/2023\/11\/image_2023_11_30T07_15_10_593Z.webp","datePublished":"2025-02-28T18:33:08+00:00","dateModified":"2025-02-28T18:33:09+00:00","breadcrumb":{"@id":"https:\/\/www.hellomyyoga.com\/blog\/bhagavad-gita\/samvad\/#breadcrumb"},"inLanguage":"en-US","potentialAction":[{"@type":"ReadAction","target":["https:\/\/www.hellomyyoga.com\/blog\/bhagavad-gita\/samvad\/"]}]},{"@type":"ImageObject","inLanguage":"en-US","@id":"https:\/\/www.hellomyyoga.com\/blog\/bhagavad-gita\/samvad\/#primaryimage","url":"https:\/\/www.hellomyyoga.com\/blog\/wp-content\/uploads\/2023\/11\/image_2023_11_30T07_15_10_593Z.webp","contentUrl":"https:\/\/www.hellomyyoga.com\/blog\/wp-content\/uploads\/2023\/11\/image_2023_11_30T07_15_10_593Z.webp","width":750,"height":390,"caption":"Samvad \"The Bhagavad Gita\": Timeless Wisdom"},{"@type":"BreadcrumbList","@id":"https:\/\/www.hellomyyoga.com\/blog\/bhagavad-gita\/samvad\/#breadcrumb","itemListElement":[{"@type":"ListItem","position":1,"name":"Bhagavad Gita","item":"https:\/\/www.hellomyyoga.com\/blog\/bhagavad-gita\/"},{"@type":"ListItem","position":2,"name":"The Bhagavad Gita Samvad by Yoga Gurus"}]},{"@type":"WebSite","@id":"https:\/\/www.hellomyyoga.com\/blog\/#website","url":"https:\/\/www.hellomyyoga.com\/blog\/","name":"hellomyyoga","description":"","potentialAction":[{"@type":"SearchAction","target":{"@type":"EntryPoint","urlTemplate":"https:\/\/www.hellomyyoga.com\/blog\/?s={search_term_string}"},"query-input":{"@type":"PropertyValueSpecification","valueRequired":true,"valueName":"search_term_string"}}],"inLanguage":"en-US"}]}},"_links":{"self":[{"href":"https:\/\/www.hellomyyoga.com\/blog\/wp-json\/wp\/v2\/pages\/7481","targetHints":{"allow":["GET"]}}],"collection":[{"href":"https:\/\/www.hellomyyoga.com\/blog\/wp-json\/wp\/v2\/pages"}],"about":[{"href":"https:\/\/www.hellomyyoga.com\/blog\/wp-json\/wp\/v2\/types\/page"}],"author":[{"embeddable":true,"href":"https:\/\/www.hellomyyoga.com\/blog\/wp-json\/wp\/v2\/users\/1"}],"replies":[{"embeddable":true,"href":"https:\/\/www.hellomyyoga.com\/blog\/wp-json\/wp\/v2\/comments?post=7481"}],"version-history":[{"count":1,"href":"https:\/\/www.hellomyyoga.com\/blog\/wp-json\/wp\/v2\/pages\/7481\/revisions"}],"predecessor-version":[{"id":7482,"href":"https:\/\/www.hellomyyoga.com\/blog\/wp-json\/wp\/v2\/pages\/7481\/revisions\/7482"}],"up":[{"embeddable":true,"href":"https:\/\/www.hellomyyoga.com\/blog\/wp-json\/wp\/v2\/pages\/7413"}],"wp:featuredmedia":[{"embeddable":true,"href":"https:\/\/www.hellomyyoga.com\/blog\/wp-json\/wp\/v2\/media\/5263"}],"wp:attachment":[{"href":"https:\/\/www.hellomyyoga.com\/blog\/wp-json\/wp\/v2\/media?parent=7481"}],"curies":[{"name":"wp","href":"https:\/\/api.w.org\/{rel}","templated":true}]}}